{"id":2024,"date":"2023-05-28T15:31:53","date_gmt":"2023-05-28T15:31:53","guid":{"rendered":"https:\/\/tafonicavehotel.com\/rezervasyon\/"},"modified":"2023-08-02T10:34:10","modified_gmt":"2023-08-02T10:34:10","slug":"rezervasyon","status":"publish","type":"page","link":"https:\/\/tafonicavehotel.com\/tr\/rezervasyon\/","title":{"rendered":"\u015eimdi Rezerv Edin"},"content":{"rendered":"<style>\/*! elementor - v3.15.0 - 31-07-2023 *\/\n.elementor-column .elementor-spacer-inner{height:var(--spacer-size)}.e-con{--container-widget-width:100%}.e-con-inner>.elementor-widget-spacer,.e-con>.elementor-widget-spacer{width:var(--container-widget-width,var(--spacer-size));--align-self:var(--container-widget-align-self,initial);--flex-shrink:0}.e-con-inner>.elementor-widget-spacer>.elementor-widget-container,.e-con-inner>.elementor-widget-spacer>.elementor-widget-container>.elementor-spacer,.e-con>.elementor-widget-spacer>.elementor-widget-container,.e-con>.elementor-widget-spacer>.elementor-widget-container>.elementor-spacer{height:100%}.e-con-inner>.elementor-widget-spacer>.elementor-widget-container>.elementor-spacer>.elementor-spacer-inner,.e-con>.elementor-widget-spacer>.elementor-widget-container>.elementor-spacer>.elementor-spacer-inner{height:var(--container-widget-height,var(--spacer-size))}<\/style>\n<h1>\n                        RESERVATION                    <\/h1>\n<p>Tafoni Houses<\/p>\n<h2>\n                        RESERVATION                    <\/h2>\n<\/p>\n<p>\t\t\t<iframe style=\"border: 0px #ffffff none;\" src=\"https:\/\/www.reseliva.com\/booknow\/tafonicavehotel\/\" name=\"rezeliva\" width=\"100%\" height=\"1920px\" frameborder=\"0\" marginwidth=\"0px\" marginheight=\"0px\" scrolling=\"yes\" allowfullscreen=\"allowfullscreen\"><\/iframe>\t\t<\/p>\n<style>\/*! elementor - v3.15.0 - 31-07-2023 *\/\n.elementor-widget-image-carousel .swiper,.elementor-widget-image-carousel .swiper-container{position:static}.elementor-widget-image-carousel .swiper-container .swiper-slide figure,.elementor-widget-image-carousel .swiper .swiper-slide figure{line-height:inherit}.elementor-widget-image-carousel .swiper-slide{text-align:center}.elementor-image-carousel-wrapper:not(.swiper-container-initialized):not(.swiper-initialized) .swiper-slide{max-width:calc(100% \/ var(--e-image-carousel-slides-to-show, 3))}<\/style>\n<figure><img decoding=\"async\" src=\"https:\/\/tafonicavehotel.com\/wp-content\/uploads\/2023\/05\/CAPPADOCIA5-605x465.jpg\" alt=\"CAPPADOCIA5\" \/><\/figure>\n<figure><img decoding=\"async\" src=\"https:\/\/tafonicavehotel.com\/wp-content\/uploads\/2023\/05\/CAPPADOCIA4-605x465.jpg\" alt=\"CAPPADOCIA4\" \/><\/figure>\n<figure><img decoding=\"async\" src=\"https:\/\/tafonicavehotel.com\/wp-content\/uploads\/2023\/05\/CAPPADOCIA6-605x465.jpg\" alt=\"CAPPADOCIA6\" \/><\/figure>\n<figure><img decoding=\"async\" src=\"https:\/\/tafonicavehotel.com\/wp-content\/uploads\/2023\/05\/slide02-605x465.jpg\" alt=\"slide02\" \/><\/figure>\n<figure><img decoding=\"async\" src=\"https:\/\/tafonicavehotel.com\/wp-content\/uploads\/2023\/05\/slide01-605x465.jpg\" alt=\"slide01\" \/><\/figure>\n<p>\t\t\t\t\t\t<svg aria-hidden=\"true\" viewBox=\"0 0 1000 1000\" xmlns=\"http:\/\/www.w3.org\/2000\/svg\"><path d=\"M646 125C629 125 613 133 604 142L308 442C296 454 292 471 292 487 292 504 296 521 308 533L604 854C617 867 629 875 646 875 663 875 679 871 692 858 704 846 713 829 713 812 713 796 708 779 692 767L438 487 692 225C700 217 708 204 708 187 708 171 704 154 692 142 675 129 663 125 646 125Z\"><\/path><\/svg><br \/>\n\t\t\t\t\t\t<svg aria-hidden=\"true\" viewBox=\"0 0 1000 1000\" xmlns=\"http:\/\/www.w3.org\/2000\/svg\"><path d=\"M696 533C708 521 713 504 713 487 713 471 708 454 696 446L400 146C388 133 375 125 354 125 338 125 325 129 313 142 300 154 292 171 292 187 292 204 296 221 308 233L563 492 304 771C292 783 288 800 288 817 288 833 296 850 308 863 321 871 338 875 354 875 371 875 388 867 400 854L696 533Z\"><\/path><\/svg>\t\t\t\t\t<\/p>\n<style>\/*! elementor - v3.15.0 - 31-07-2023 *\/\n.elementor-widget-google_maps .elementor-widget-container{overflow:hidden}.elementor-widget-google_maps .elementor-custom-embed{line-height:0}.elementor-widget-google_maps iframe{height:300px}<\/style>\n<p>\t\t\t<iframe loading=\"lazy\"\n\t\t\t\t\tsrc=\"https:\/\/maps.google.com\/maps?q=Ortahisar%20%2F%20%C3%9Crg%C3%BCp%20%2F%20Nev%C5%9Fehir%20%2F%20Turkey&#038;t=m&#038;z=10&#038;output=embed&#038;iwloc=near\"\n\t\t\t\t\ttitle=\"Ortahisar \/ \u00dcrg\u00fcp \/ Nev\u015fehir \/ Turkey\"\n\t\t\t\t\taria-label=\"Ortahisar \/ \u00dcrg\u00fcp \/ Nev\u015fehir \/ Turkey\"\n\t\t\t><\/iframe><\/p>\n<h5>\n                        Bizi aray\u0131n<br \/>\n                    <\/h5>\n<p>Rezervasyonlar\u0131n\u0131z, sorular\u0131n\u0131z ve di\u011fer sorular\u0131n\u0131z i\u00e7in l\u00fctfen <a href=\"tel:905423432231\">+905423432231<\/a>numaral\u0131 telefondan bizi aramaktan \u00e7ekinmeyin.<\/p>\n<h5>\n                        Bize bir e-posta g\u00f6nder<br \/>\n                    <\/h5>\n<p>Rezervasyonlar\u0131n\u0131z, sorular\u0131n\u0131z ve di\u011fer sorular\u0131n\u0131z i\u00e7in bize e-posta g\u00f6nderebilirsiniz. <\/p>\n<h5>\n                        U\u011fray\u0131n ve Konu\u015fun<br \/>\n                    <\/h5>\n<p>Yak\u0131nlardaysan\u0131z bir kahve i\u00e7mek i\u00e7in bize u\u011fray\u0131n ve Tafoni Evleri&#8217;nin cezbedici atmosferini i\u00e7inize \u00e7ekin. <\/p>\n<form enctype=\"multipart\/form-data\" method=\"post\" id=\"form_contact3\"  >\n<fieldset>\n<input type=\"hidden\" name=\"frm_action\" value=\"create\" \/><br \/>\n<input type=\"hidden\" name=\"form_id\" value=\"6\" \/><br \/>\n<input type=\"hidden\" name=\"frm_hide_fields_6\" id=\"frm_hide_fields_6\" value=\"\" \/><br \/>\n<input type=\"hidden\" name=\"form_key\" value=\"contact3\" \/><br \/>\n<input type=\"hidden\" name=\"item_meta[0]\" value=\"\" \/><br \/>\n<input type=\"hidden\" id=\"frm_submit_entry_6\" name=\"frm_submit_entry_6\" value=\"d5eac5c177\" \/><input type=\"hidden\" name=\"_wp_http_referer\" value=\"\/wp-json\/wpml\/tm\/v1\/ate\/jobs\/download\" \/><br \/>\n    <label for=\"field_xipbjr3\">Name<br \/>\n        *<br \/>\n    <\/label><br \/>\n    <input type=\"text\" id=\"field_xipbjr3\" name=\"item_meta[17]\" value=\"\"  placeholder=\"Name\" data-reqmsg=\"This field cannot be blank.\" aria-required=\"true\" data-invmsg=\"Name is invalid\" aria-invalid=\"false\"  \/><br \/>\n    <label for=\"field_llmwz\" id=\"field_llmwz_label\">Select Subject<br \/>\n        *<br \/>\n    <\/label><br \/>\n    \t\t<select name=\"item_meta[52]\" id=\"field_llmwz\"  data-reqmsg=\"This field cannot be blank.\" aria-required=\"true\" data-invmsg=\"Select Subject is invalid\" aria-invalid=\"false\"  ><option  value=\"I Want to Get a Quote\">I Want to Get a Quote<\/option><option  value=\"I Want to Get Information\">I Want to Get Information<\/option><option  value=\"I Want to Get Information About Events\">I Want to Get Information About Events<\/option><option  value=\"I Want to Make Suggestions\/Complaints\">I Want to Make Suggestions\/Complaints<\/option><\/select><br \/>\n    <label for=\"field_kggkvh3\">Message<br \/>\n        *<br \/>\n    <\/label><br \/>\n    <textarea name=\"item_meta[21]\" id=\"field_kggkvh3\" rows=\"5\"  placeholder=\"Message\" data-reqmsg=\"This field cannot be blank.\" aria-required=\"true\" data-invmsg=\"Message is invalid\" aria-invalid=\"false\"  ><\/textarea><br \/>\n    <label for=\"field_jaehy83\">Email<br \/>\n        *<br \/>\n    <\/label><br \/>\n    <input type=\"text\" id=\"field_jaehy83\" name=\"item_meta[18]\" value=\"\"  placeholder=\"Email\" data-reqmsg=\"This field cannot be blank.\" aria-required=\"true\" data-invmsg=\"Email is invalid\" aria-invalid=\"false\"  \/><br \/>\n    <label for=\"field_cqpguu3\">Phone<br \/>\n    <\/label><br \/>\n    <input type=\"text\" id=\"field_cqpguu3\" name=\"item_meta[19]\" value=\"\"  placeholder=\"Phone\" data-invmsg=\"Phone is invalid\" aria-invalid=\"false\"  \/><br \/>\n    Checkboxes<br \/>\n    \t\t<label for=\"field_1ve11-0\"><input type=\"checkbox\" name=\"item_meta[53][]\" id=\"field_1ve11-0\" value=\"I have read and approved the KVKK\"  data-invmsg=\"Checkboxes is invalid\" aria-invalid=\"false\"   \/> I have read and approved the KVKK<\/label><br \/>\n\t<input type=\"hidden\" name=\"item_key\" value=\"\" \/><br \/>\n\t\t\t\t<label for=\"frm_email_6\"><br \/>\n\t\t\t\t\tIf you are human, leave this field blank.\t\t\t\t<\/label><br \/>\n\t\t\t\t<input type=\"text\" id=\"frm_email_6\" name=\"frm_verify\" value=\"\"  \/><br \/>\n<input type=\"submit\" value=\"Send\"  \/><br \/>\n<img decoding=\"async\" src=\"https:\/\/tafonicavehotel.com\/wp-content\/plugins\/formidable\/images\/ajax_loader.gif\" alt=\"Sending\" style=\"visibility:hidden;\" \/><br \/>\n<\/fieldset>\n<\/form>\n","protected":false},"excerpt":{"rendered":"<p>RESERVATION Tafoni Houses RESERVATION Bizi aray\u0131n Rezervasyonlar\u0131n\u0131z, sorular\u0131n\u0131z ve di\u011fer sorular\u0131n\u0131z i\u00e7in l\u00fctfen +905423432231numaral\u0131 telefondan bizi aramaktan \u00e7ekinmeyin. Bize bir e-posta g\u00f6nder Rezervasyonlar\u0131n\u0131z, sorular\u0131n\u0131z ve di\u011fer sorular\u0131n\u0131z i\u00e7in bize e-posta g\u00f6nderebilirsiniz. U\u011fray\u0131n ve Konu\u015fun Yak\u0131nlardaysan\u0131z bir kahve i\u00e7mek i\u00e7in bize &hellip; <a href=\"https:\/\/tafonicavehotel.com\/tr\/rezervasyon\/\">Read More<\/a><\/p>\n","protected":false},"author":1,"featured_media":0,"parent":0,"menu_order":13,"comment_status":"closed","ping_status":"closed","template":"","meta":{"footnotes":""},"class_list":["post-2024","page","type-page","status-publish","hentry"],"_links":{"self":[{"href":"https:\/\/tafonicavehotel.com\/tr\/wp-json\/wp\/v2\/pages\/2024","targetHints":{"allow":["GET"]}}],"collection":[{"href":"https:\/\/tafonicavehotel.com\/tr\/wp-json\/wp\/v2\/pages"}],"about":[{"href":"https:\/\/tafonicavehotel.com\/tr\/wp-json\/wp\/v2\/types\/page"}],"author":[{"embeddable":true,"href":"https:\/\/tafonicavehotel.com\/tr\/wp-json\/wp\/v2\/users\/1"}],"replies":[{"embeddable":true,"href":"https:\/\/tafonicavehotel.com\/tr\/wp-json\/wp\/v2\/comments?post=2024"}],"version-history":[{"count":11,"href":"https:\/\/tafonicavehotel.com\/tr\/wp-json\/wp\/v2\/pages\/2024\/revisions"}],"predecessor-version":[{"id":3501,"href":"https:\/\/tafonicavehotel.com\/tr\/wp-json\/wp\/v2\/pages\/2024\/revisions\/3501"}],"wp:attachment":[{"href":"https:\/\/tafonicavehotel.com\/tr\/wp-json\/wp\/v2\/media?parent=2024"}],"curies":[{"name":"wp","href":"https:\/\/api.w.org\/{rel}","templated":true}]}}