{"id":2010,"date":"2023-05-28T10:36:16","date_gmt":"2023-05-28T10:36:16","guid":{"rendered":"https:\/\/tafonicavehotel.com\/hikaye\/"},"modified":"2023-08-02T10:26:17","modified_gmt":"2023-08-02T10:26:17","slug":"hikaye","status":"publish","type":"page","link":"https:\/\/tafonicavehotel.com\/tr\/hikaye\/","title":{"rendered":"Hikaye"},"content":{"rendered":"\t\t<div data-elementor-type=\"wp-post\" data-elementor-id=\"2010\" class=\"elementor elementor-2010 elementor-432\">\n\t\t\t\t\t\t<section class=\"elementor-section elementor-top-section elementor-element elementor-element-6229ba4 elementor-section-full_width elementor-section-height-min-height elementor-section-height-default elementor-section-items-middle\" data-id=\"6229ba4\" data-element_type=\"section\" data-settings=\"{&quot;background_background&quot;:&quot;classic&quot;}\">\n\t\t\t\t\t\t\t<div class=\"elementor-background-overlay\"><\/div>\n\t\t\t\t\t\t\t<div class=\"elementor-container elementor-column-gap-default\">\n\t\t\t\t\t<div class=\"elementor-column elementor-col-100 elementor-top-column elementor-element elementor-element-1f66876d elementor-hidden-desktop elementor-hidden-tablet elementor-hidden-mobile\" data-id=\"1f66876d\" data-element_type=\"column\">\n\t\t\t<div class=\"elementor-widget-wrap elementor-element-populated\">\n\t\t\t\t\t\t<div class=\"elementor-element elementor-element-68d1557 elementor-widget elementor-widget-spacer\" data-id=\"68d1557\" data-element_type=\"widget\" data-widget_type=\"spacer.default\">\n\t\t\t\t<div class=\"elementor-widget-container\">\n\t\t\t\t\t<div class=\"elementor-spacer\">\n\t\t\t<div class=\"elementor-spacer-inner\"><\/div>\n\t\t<\/div>\n\t\t\t\t<\/div>\n\t\t\t\t<\/div>\n\t\t\t\t<div class=\"elementor-element elementor-element-321bcc27 elementor-view-default elementor-position-top elementor-invisible elementor-widget elementor-widget-themo-header\" data-id=\"321bcc27\" data-element_type=\"widget\" data-settings=\"{&quot;_animation&quot;:&quot;fadeIn&quot;}\" data-widget_type=\"themo-header.default\">\n\t\t\t\t<div class=\"elementor-widget-container\">\n\t\t\t\t\t<div class=\"th-header-wrap\">\n        <div class=\"elementor-icon-box-wrapper \">\n                            <div class=\"elementor-icon-box-content\">\n                    <h1 class=\"elementor-icon-box-title\">\n                        H\u0130KAYE                    <\/h1>\n                                        <p class=\"elementor-icon-box-description\">\u201cTafoni\u201d kelimesinin iki farkl\u0131 anlam\u0131 vard\u0131r.<\/p>\n\n                                    <\/div>\n            <\/div>\n\n        <\/div>\n\n\t\t\t\t<\/div>\n\t\t\t\t<\/div>\n\t\t\t\t\t<\/div>\n\t\t<\/div>\n\t\t\t\t\t<\/div>\n\t\t<\/section>\n\t\t\t\t<section class=\"elementor-section elementor-top-section elementor-element elementor-element-51204c8d elementor-section-boxed elementor-section-height-default elementor-section-height-default\" data-id=\"51204c8d\" data-element_type=\"section\" data-settings=\"{&quot;background_background&quot;:&quot;classic&quot;}\">\n\t\t\t\t\t\t<div class=\"elementor-container elementor-column-gap-default\">\n\t\t\t\t\t<div class=\"elementor-column elementor-col-100 elementor-top-column elementor-element elementor-element-50ec539c\" data-id=\"50ec539c\" data-element_type=\"column\">\n\t\t\t<div class=\"elementor-widget-wrap elementor-element-populated\">\n\t\t\t\t\t\t<div class=\"elementor-element elementor-element-183c3c17 elementor-widget elementor-widget-spacer\" data-id=\"183c3c17\" data-element_type=\"widget\" data-widget_type=\"spacer.default\">\n\t\t\t\t<div class=\"elementor-widget-container\">\n\t\t\t\t\t<div class=\"elementor-spacer\">\n\t\t\t<div class=\"elementor-spacer-inner\"><\/div>\n\t\t<\/div>\n\t\t\t\t<\/div>\n\t\t\t\t<\/div>\n\t\t\t\t<div class=\"elementor-element elementor-element-63297780 elementor-view-default elementor-position-top elementor-widget elementor-widget-themo-header\" data-id=\"63297780\" data-element_type=\"widget\" data-widget_type=\"themo-header.default\">\n\t\t\t\t<div class=\"elementor-widget-container\">\n\t\t\t\t\t<div class=\"th-header-wrap\">\n        <div class=\"elementor-icon-box-wrapper th-show-icon\">\n                            <div class=\"elementor-icon-box-icon th-icon-size-md\">\n                    <span class=\"elementor-icon \">\n                        <i aria-hidden=\"true\" class=\"th-linea icon th-linea icon-basic-book\"><\/i>                    <\/span>\n                <\/div>\n                                <div class=\"elementor-icon-box-content\">\n                    <h2 class=\"elementor-icon-box-title\">\n                        H\u0130KAYE                    <\/h2>\n                                            <span class=\"th-header-divider\"><\/span>\n                                        <p class=\"elementor-icon-box-description\">2006 y\u0131l\u0131nda, Ortahisar'\u0131n \"k\u00fclt\u00fcr\u00fcn\u00fc\" yans\u0131tacak otantik bir ma\u011fara m\u00fclk\u00fc geli\u015ftirmek amac\u0131yla, Ortahisar'\u0131n yerlileri olan \u015fimdiki sahiplerinden bir dizi antik ma\u011fara ev ve s\u00fcrekli olarak al\u00e7alan uygarl\u0131klar\u0131n ya\u015fad\u0131\u011f\u0131 ta\u015f evler sat\u0131n al\u0131nd\u0131. ma\u011fara ya\u015fam\u0131\u201d. Kapadokya, UNESCO D\u00fcnya Miras\u0131 Listesi'nde yer ald\u0131\u011f\u0131ndan mimarinin \u00f6zg\u00fcnl\u00fc\u011f\u00fcne sad\u0131k kal\u0131narak gerekli projeler titizlikle yap\u0131lm\u0131\u015ft\u0131r. Turizm ve K\u00fclt\u00fcr Bakanl\u0131\u011f\u0131 Tarihi An\u0131tlar Kurulu'nun \u201cdirili\u015f projeleri\u201dni onaylamas\u0131n\u0131n ard\u0131ndan 2008 y\u0131l\u0131nda Kapadokya'n\u0131n en zarif ma\u011fara m\u00fclklerinden birini olu\u015fturmak i\u00e7in zorlu bir \u00e7al\u0131\u015fma ba\u015flat\u0131ld\u0131. 2012 y\u0131l\u0131n\u0131n sonunda Tafoni Evleri, se\u00e7ici gezginler i\u00e7in e\u015fsiz bir ma\u011fara konaklama yeri olarak kendini sunan \u015f\u0131k, efemine ve anlaml\u0131 bir kimlikle do\u011fdu.\n\n<\/p>\n\n                                    <\/div>\n            <\/div>\n\n        <\/div>\n\n\t\t\t\t<\/div>\n\t\t\t\t<\/div>\n\t\t\t\t<div class=\"elementor-element elementor-element-40b9772e elementor-widget elementor-widget-spacer\" data-id=\"40b9772e\" data-element_type=\"widget\" data-widget_type=\"spacer.default\">\n\t\t\t\t<div class=\"elementor-widget-container\">\n\t\t\t\t\t<div class=\"elementor-spacer\">\n\t\t\t<div class=\"elementor-spacer-inner\"><\/div>\n\t\t<\/div>\n\t\t\t\t<\/div>\n\t\t\t\t<\/div>\n\t\t\t\t\t<\/div>\n\t\t<\/div>\n\t\t\t\t\t<\/div>\n\t\t<\/section>\n\t\t\t\t<section class=\"elementor-section elementor-top-section elementor-element elementor-element-41cfe23b elementor-section-full_width elementor-section-height-default elementor-section-height-default\" data-id=\"41cfe23b\" data-element_type=\"section\">\n\t\t\t\t\t\t<div class=\"elementor-container elementor-column-gap-no\">\n\t\t\t\t\t<div class=\"elementor-column elementor-col-100 elementor-top-column elementor-element elementor-element-dc0e425\" data-id=\"dc0e425\" data-element_type=\"column\">\n\t\t\t<div class=\"elementor-widget-wrap elementor-element-populated\">\n\t\t\t\t\t\t<div class=\"elementor-element elementor-element-2649bbfa elementor-arrows-position-inside elementor-widget elementor-widget-image-carousel\" data-id=\"2649bbfa\" data-element_type=\"widget\" data-settings=\"{&quot;slides_to_show&quot;:&quot;4&quot;,&quot;navigation&quot;:&quot;arrows&quot;,&quot;autoplay&quot;:&quot;yes&quot;,&quot;pause_on_hover&quot;:&quot;yes&quot;,&quot;pause_on_interaction&quot;:&quot;yes&quot;,&quot;autoplay_speed&quot;:5000,&quot;infinite&quot;:&quot;yes&quot;,&quot;speed&quot;:500}\" data-widget_type=\"image-carousel.default\">\n\t\t\t\t<div class=\"elementor-widget-container\">\n\t\t\t\t\t<div class=\"elementor-image-carousel-wrapper swiper\" dir=\"ltr\">\n\t\t\t<div class=\"elementor-image-carousel swiper-wrapper swiper-image-stretch\" aria-live=\"off\">\n\t\t\t\t\t\t\t\t<div class=\"swiper-slide\" role=\"group\" aria-roledescription=\"slide\" aria-label=\"1 \/ 7\"><figure class=\"swiper-slide-inner\"><img decoding=\"async\" class=\"swiper-slide-image\" src=\"https:\/\/tafonicavehotel.com\/wp-content\/uploads\/2023\/05\/CAPPADOCIA3-605x465.jpg\" alt=\"CAPPADOCIA3\" \/><\/figure><\/div><div class=\"swiper-slide\" role=\"group\" aria-roledescription=\"slide\" aria-label=\"2 \/ 7\"><figure class=\"swiper-slide-inner\"><img decoding=\"async\" class=\"swiper-slide-image\" src=\"https:\/\/tafonicavehotel.com\/wp-content\/uploads\/2023\/07\/IMG_6167-116-605x465.jpg\" alt=\"IMG_6167-116\" \/><\/figure><\/div><div class=\"swiper-slide\" role=\"group\" aria-roledescription=\"slide\" aria-label=\"3 \/ 7\"><figure class=\"swiper-slide-inner\"><img decoding=\"async\" class=\"swiper-slide-image\" src=\"https:\/\/tafonicavehotel.com\/wp-content\/uploads\/2023\/05\/CAPPADOCIA5-605x465.jpg\" alt=\"CAPPADOCIA5\" \/><\/figure><\/div><div class=\"swiper-slide\" role=\"group\" aria-roledescription=\"slide\" aria-label=\"4 \/ 7\"><figure class=\"swiper-slide-inner\"><img decoding=\"async\" class=\"swiper-slide-image\" src=\"https:\/\/tafonicavehotel.com\/wp-content\/uploads\/2023\/07\/IMG_6910-605x465.jpg\" alt=\"IMG_6910\" \/><\/figure><\/div><div class=\"swiper-slide\" role=\"group\" aria-roledescription=\"slide\" aria-label=\"5 \/ 7\"><figure class=\"swiper-slide-inner\"><img decoding=\"async\" class=\"swiper-slide-image\" src=\"https:\/\/tafonicavehotel.com\/wp-content\/uploads\/2023\/07\/story1-605x465.jpg\" alt=\"story1\" \/><\/figure><\/div><div class=\"swiper-slide\" role=\"group\" aria-roledescription=\"slide\" aria-label=\"6 \/ 7\"><figure class=\"swiper-slide-inner\"><img decoding=\"async\" class=\"swiper-slide-image\" src=\"https:\/\/tafonicavehotel.com\/wp-content\/uploads\/2023\/05\/CAPPADOCIA2-605x465.jpg\" alt=\"CAPPADOCIA2\" \/><\/figure><\/div><div class=\"swiper-slide\" role=\"group\" aria-roledescription=\"slide\" aria-label=\"7 \/ 7\"><figure class=\"swiper-slide-inner\"><img decoding=\"async\" class=\"swiper-slide-image\" src=\"https:\/\/tafonicavehotel.com\/wp-content\/uploads\/2023\/07\/IMG_7005-Tafoni-cephe-605x465.jpg\" alt=\"IMG_7005-Tafoni-cephe\" \/><\/figure><\/div>\t\t\t<\/div>\n\t\t\t\t\t\t\t\t\t\t\t\t<div class=\"elementor-swiper-button elementor-swiper-button-prev\" role=\"button\" tabindex=\"0\">\n\t\t\t\t\t\t<svg aria-hidden=\"true\" class=\"e-font-icon-svg e-eicon-chevron-left\" viewBox=\"0 0 1000 1000\" xmlns=\"http:\/\/www.w3.org\/2000\/svg\"><path d=\"M646 125C629 125 613 133 604 142L308 442C296 454 292 471 292 487 292 504 296 521 308 533L604 854C617 867 629 875 646 875 663 875 679 871 692 858 704 846 713 829 713 812 713 796 708 779 692 767L438 487 692 225C700 217 708 204 708 187 708 171 704 154 692 142 675 129 663 125 646 125Z\"><\/path><\/svg>\t\t\t\t\t<\/div>\n\t\t\t\t\t<div class=\"elementor-swiper-button elementor-swiper-button-next\" role=\"button\" tabindex=\"0\">\n\t\t\t\t\t\t<svg aria-hidden=\"true\" class=\"e-font-icon-svg e-eicon-chevron-right\" viewBox=\"0 0 1000 1000\" xmlns=\"http:\/\/www.w3.org\/2000\/svg\"><path d=\"M696 533C708 521 713 504 713 487 713 471 708 454 696 446L400 146C388 133 375 125 354 125 338 125 325 129 313 142 300 154 292 171 292 187 292 204 296 221 308 233L563 492 304 771C292 783 288 800 288 817 288 833 296 850 308 863 321 871 338 875 354 875 371 875 388 867 400 854L696 533Z\"><\/path><\/svg>\t\t\t\t\t<\/div>\n\t\t\t\t\n\t\t\t\t\t\t\t\t\t<\/div>\n\t\t\t\t<\/div>\n\t\t\t\t<\/div>\n\t\t\t\t<div class=\"elementor-element elementor-element-bf4a5b5 elementor-view-default elementor-position-top elementor-widget elementor-widget-themo-header\" data-id=\"bf4a5b5\" data-element_type=\"widget\" data-widget_type=\"themo-header.default\">\n\t\t\t\t<div class=\"elementor-widget-container\">\n\t\t\t\t\t<div class=\"th-header-wrap\">\n        <div class=\"elementor-icon-box-wrapper th-show-icon\">\n                            <div class=\"elementor-icon-box-icon th-icon-size-md\">\n                    <span class=\"elementor-icon \">\n                        <i aria-hidden=\"true\" class=\"th-linea icon th-linea icon-basic-book\"><\/i>                    <\/span>\n                <\/div>\n                                <div class=\"elementor-icon-box-content\">\n                    <h2 class=\"elementor-icon-box-title\">\n                        Tafoni\u2026\u0130smin K\u00f6kenleri                    <\/h2>\n                                            <span class=\"th-header-divider\"><\/span>\n                                        <p class=\"elementor-icon-box-description\">\"Tafoni\" kelimesinin iki farkl\u0131 anlam\u0131 vard\u0131r: \"Tafoni\", k\u00fc\u00e7\u00fck \u00e7ukurlar, yumu\u015fak top b\u00fcy\u00fckl\u00fc\u011f\u00fcndeki oyuklar ve daha b\u00fcy\u00fck ma\u011faralar dahil olmak \u00fczere \u00e7e\u015fitli kaya t\u00fcrleri \u00fczerindeki \u00f6zellikleri ifade eden jeolojik bir terimdir. Bu \"Tafoni\", kaya yap\u0131s\u0131n\u0131n y\u00fczeyinde meydana gelen ayr\u0131\u015fma ve erozyonlarla olu\u015fturulur.\n\n\u00d6te yandan \u201cTafoni\u201d de Kapadokya i\u00e7in anlam\u0131 olan T\u00fcrk\u00e7e bir kelimedir. Mistik peribacalar\u0131n\u0131n tepesinde beliren ku\u015f yuvalar\u0131n\u0131 y\u00f6re halk\u0131 \u201cTafoni\u201d olarak adland\u0131r\u0131yor.\nKapadokya'ya, do\u011fas\u0131na ve harika insanlar\u0131na sayg\u0131 duru\u015funda bulunan s\u00fcitlerimizin her biri, ad\u0131n\u0131 Kapadokya'n\u0131n ku\u015flar\u0131ndan alm\u0131\u015ft\u0131r.\n\nTafoni Evleri olarak \u201cYuvam\u0131za\u201d ziyaretinizi sab\u0131rs\u0131zl\u0131kla bekliyor, sizleri b\u00fcy\u00fck bir titizlikle ve sonsuz misafirperverlikle a\u011f\u0131rl\u0131yoruz.\n<\/p>\n\n                                    <\/div>\n            <\/div>\n\n        <\/div>\n\n\t\t\t\t<\/div>\n\t\t\t\t<\/div>\n\t\t\t\t\t<\/div>\n\t\t<\/div>\n\t\t\t\t\t<\/div>\n\t\t<\/section>\n\t\t\t\t<\/div>\n\t\t","protected":false},"excerpt":{"rendered":"<p>H\u0130KAYE \u201cTafoni\u201d kelimesinin iki farkl\u0131 anlam\u0131 vard\u0131r. H\u0130KAYE 2006 y\u0131l\u0131nda, Ortahisar&#8217;\u0131n &#8220;k\u00fclt\u00fcr\u00fcn\u00fc&#8221; yans\u0131tacak otantik bir ma\u011fara m\u00fclk\u00fc geli\u015ftirmek amac\u0131yla, Ortahisar&#8217;\u0131n yerlileri olan \u015fimdiki sahiplerinden bir dizi antik ma\u011fara ev ve s\u00fcrekli olarak al\u00e7alan uygarl\u0131klar\u0131n ya\u015fad\u0131\u011f\u0131 ta\u015f evler sat\u0131n al\u0131nd\u0131. ma\u011fara &hellip; <a href=\"https:\/\/tafonicavehotel.com\/tr\/hikaye\/\">Read More<\/a><\/p>\n","protected":false},"author":1,"featured_media":0,"parent":0,"menu_order":13,"comment_status":"closed","ping_status":"closed","template":"","meta":{"footnotes":""},"class_list":["post-2010","page","type-page","status-publish","hentry"],"_links":{"self":[{"href":"https:\/\/tafonicavehotel.com\/tr\/wp-json\/wp\/v2\/pages\/2010","targetHints":{"allow":["GET"]}}],"collection":[{"href":"https:\/\/tafonicavehotel.com\/tr\/wp-json\/wp\/v2\/pages"}],"about":[{"href":"https:\/\/tafonicavehotel.com\/tr\/wp-json\/wp\/v2\/types\/page"}],"author":[{"embeddable":true,"href":"https:\/\/tafonicavehotel.com\/tr\/wp-json\/wp\/v2\/users\/1"}],"replies":[{"embeddable":true,"href":"https:\/\/tafonicavehotel.com\/tr\/wp-json\/wp\/v2\/comments?post=2010"}],"version-history":[{"count":4,"href":"https:\/\/tafonicavehotel.com\/tr\/wp-json\/wp\/v2\/pages\/2010\/revisions"}],"predecessor-version":[{"id":3488,"href":"https:\/\/tafonicavehotel.com\/tr\/wp-json\/wp\/v2\/pages\/2010\/revisions\/3488"}],"wp:attachment":[{"href":"https:\/\/tafonicavehotel.com\/tr\/wp-json\/wp\/v2\/media?parent=2010"}],"curies":[{"name":"wp","href":"https:\/\/api.w.org\/{rel}","templated":true}]}}