{"id":2208,"date":"2023-05-28T10:36:16","date_gmt":"2023-05-28T10:36:16","guid":{"rendered":"https:\/\/tafonicavehotel.com\/la-historia\/"},"modified":"2023-08-02T12:25:08","modified_gmt":"2023-08-02T12:25:08","slug":"la-historia","status":"publish","type":"page","link":"https:\/\/tafonicavehotel.com\/es\/la-historia\/","title":{"rendered":"La historia"},"content":{"rendered":"\t\t<div data-elementor-type=\"wp-post\" data-elementor-id=\"2208\" class=\"elementor elementor-2208 elementor-432\">\n\t\t\t\t\t\t<section class=\"elementor-section elementor-top-section elementor-element elementor-element-6229ba4 elementor-section-full_width elementor-section-height-min-height elementor-section-height-default elementor-section-items-middle\" data-id=\"6229ba4\" data-element_type=\"section\" data-settings=\"{&quot;background_background&quot;:&quot;classic&quot;}\">\n\t\t\t\t\t\t\t<div class=\"elementor-background-overlay\"><\/div>\n\t\t\t\t\t\t\t<div class=\"elementor-container elementor-column-gap-default\">\n\t\t\t\t\t<div class=\"elementor-column elementor-col-100 elementor-top-column elementor-element elementor-element-1f66876d elementor-hidden-desktop elementor-hidden-tablet elementor-hidden-mobile\" data-id=\"1f66876d\" data-element_type=\"column\">\n\t\t\t<div class=\"elementor-widget-wrap elementor-element-populated\">\n\t\t\t\t\t\t<div class=\"elementor-element elementor-element-68d1557 elementor-widget elementor-widget-spacer\" data-id=\"68d1557\" data-element_type=\"widget\" data-widget_type=\"spacer.default\">\n\t\t\t\t<div class=\"elementor-widget-container\">\n\t\t\t\t\t<div class=\"elementor-spacer\">\n\t\t\t<div class=\"elementor-spacer-inner\"><\/div>\n\t\t<\/div>\n\t\t\t\t<\/div>\n\t\t\t\t<\/div>\n\t\t\t\t<div class=\"elementor-element elementor-element-321bcc27 elementor-view-default elementor-position-top elementor-invisible elementor-widget elementor-widget-themo-header\" data-id=\"321bcc27\" data-element_type=\"widget\" data-settings=\"{&quot;_animation&quot;:&quot;fadeIn&quot;}\" data-widget_type=\"themo-header.default\">\n\t\t\t\t<div class=\"elementor-widget-container\">\n\t\t\t\t\t<div class=\"th-header-wrap\">\n        <div class=\"elementor-icon-box-wrapper \">\n                            <div class=\"elementor-icon-box-content\">\n                    <h1 class=\"elementor-icon-box-title\">\n                        LA HISTORIA                    <\/h1>\n                                        <p class=\"elementor-icon-box-description\">La palabra \u201ctafoni\u201d tiene dos significados distintos<\/p>\n\n                                    <\/div>\n            <\/div>\n\n        <\/div>\n\n\t\t\t\t<\/div>\n\t\t\t\t<\/div>\n\t\t\t\t\t<\/div>\n\t\t<\/div>\n\t\t\t\t\t<\/div>\n\t\t<\/section>\n\t\t\t\t<section class=\"elementor-section elementor-top-section elementor-element elementor-element-51204c8d elementor-section-boxed elementor-section-height-default elementor-section-height-default\" data-id=\"51204c8d\" data-element_type=\"section\" data-settings=\"{&quot;background_background&quot;:&quot;classic&quot;}\">\n\t\t\t\t\t\t<div class=\"elementor-container elementor-column-gap-default\">\n\t\t\t\t\t<div class=\"elementor-column elementor-col-100 elementor-top-column elementor-element elementor-element-50ec539c\" data-id=\"50ec539c\" data-element_type=\"column\">\n\t\t\t<div class=\"elementor-widget-wrap elementor-element-populated\">\n\t\t\t\t\t\t<div class=\"elementor-element elementor-element-183c3c17 elementor-widget elementor-widget-spacer\" data-id=\"183c3c17\" data-element_type=\"widget\" data-widget_type=\"spacer.default\">\n\t\t\t\t<div class=\"elementor-widget-container\">\n\t\t\t\t\t<div class=\"elementor-spacer\">\n\t\t\t<div class=\"elementor-spacer-inner\"><\/div>\n\t\t<\/div>\n\t\t\t\t<\/div>\n\t\t\t\t<\/div>\n\t\t\t\t<div class=\"elementor-element elementor-element-63297780 elementor-view-default elementor-position-top elementor-widget elementor-widget-themo-header\" data-id=\"63297780\" data-element_type=\"widget\" data-widget_type=\"themo-header.default\">\n\t\t\t\t<div class=\"elementor-widget-container\">\n\t\t\t\t\t<div class=\"th-header-wrap\">\n        <div class=\"elementor-icon-box-wrapper th-show-icon\">\n                            <div class=\"elementor-icon-box-icon th-icon-size-md\">\n                    <span class=\"elementor-icon \">\n                        <i aria-hidden=\"true\" class=\"th-linea icon th-linea icon-basic-book\"><\/i>                    <\/span>\n                <\/div>\n                                <div class=\"elementor-icon-box-content\">\n                    <h2 class=\"elementor-icon-box-title\">\n                        LA HISTORIA                    <\/h2>\n                                            <span class=\"th-header-divider\"><\/span>\n                                        <p class=\"elementor-icon-box-description\">En 2006, se compraron a los propietarios actuales, habitantes de Ortahisar, una serie de antiguas viviendas en cuevas y casas construidas en piedra que fueron habitadas continuamente por las civilizaciones descendientes, con el fin de desarrollar una aut\u00e9ntica propiedad en cuevas que reflejara la \"cultura de la vida cavern\u00edcola\u201d. Dado que Capadocia es Patrimonio de la Humanidad por la UNESCO, los proyectos necesarios se realizaron con la m\u00e1xima atenci\u00f3n para permanecer fieles a la autenticidad de la arquitectura. Despu\u00e9s de la aprobaci\u00f3n de los \u201cproyectos de resurrecci\u00f3n\u201d por parte del Consejo de Monumentos Hist\u00f3ricos del Ministerio de Turismo y Cultura, en 2008 se inici\u00f3 un arduo trabajo para crear una de las cuevas m\u00e1s elegantes de Capadocia. A finales de 2012, Tafoni Houses naci\u00f3 con una identidad chic, afeminada y elocuente present\u00e1ndose como un alojamiento en cueva \u00fanico para el viajero exigente.\n\n<\/p>\n\n                                    <\/div>\n            <\/div>\n\n        <\/div>\n\n\t\t\t\t<\/div>\n\t\t\t\t<\/div>\n\t\t\t\t<div class=\"elementor-element elementor-element-40b9772e elementor-widget elementor-widget-spacer\" data-id=\"40b9772e\" data-element_type=\"widget\" data-widget_type=\"spacer.default\">\n\t\t\t\t<div class=\"elementor-widget-container\">\n\t\t\t\t\t<div class=\"elementor-spacer\">\n\t\t\t<div class=\"elementor-spacer-inner\"><\/div>\n\t\t<\/div>\n\t\t\t\t<\/div>\n\t\t\t\t<\/div>\n\t\t\t\t\t<\/div>\n\t\t<\/div>\n\t\t\t\t\t<\/div>\n\t\t<\/section>\n\t\t\t\t<section class=\"elementor-section elementor-top-section elementor-element elementor-element-41cfe23b elementor-section-full_width elementor-section-height-default elementor-section-height-default\" data-id=\"41cfe23b\" data-element_type=\"section\">\n\t\t\t\t\t\t<div class=\"elementor-container elementor-column-gap-no\">\n\t\t\t\t\t<div class=\"elementor-column elementor-col-100 elementor-top-column elementor-element elementor-element-dc0e425\" data-id=\"dc0e425\" data-element_type=\"column\">\n\t\t\t<div class=\"elementor-widget-wrap elementor-element-populated\">\n\t\t\t\t\t\t<div class=\"elementor-element elementor-element-2649bbfa elementor-arrows-position-inside elementor-widget elementor-widget-image-carousel\" data-id=\"2649bbfa\" data-element_type=\"widget\" data-settings=\"{&quot;slides_to_show&quot;:&quot;4&quot;,&quot;navigation&quot;:&quot;arrows&quot;,&quot;autoplay&quot;:&quot;yes&quot;,&quot;pause_on_hover&quot;:&quot;yes&quot;,&quot;pause_on_interaction&quot;:&quot;yes&quot;,&quot;autoplay_speed&quot;:5000,&quot;infinite&quot;:&quot;yes&quot;,&quot;speed&quot;:500}\" data-widget_type=\"image-carousel.default\">\n\t\t\t\t<div class=\"elementor-widget-container\">\n\t\t\t\t\t<div class=\"elementor-image-carousel-wrapper swiper\" dir=\"ltr\">\n\t\t\t<div class=\"elementor-image-carousel swiper-wrapper swiper-image-stretch\" aria-live=\"off\">\n\t\t\t\t\t\t\t\t<div class=\"swiper-slide\" role=\"group\" aria-roledescription=\"slide\" aria-label=\"1 de 7\"><figure class=\"swiper-slide-inner\"><img decoding=\"async\" class=\"swiper-slide-image\" src=\"https:\/\/tafonicavehotel.com\/wp-content\/uploads\/2023\/05\/CAPPADOCIA3-605x465.jpg\" alt=\"CAPPADOCIA3\" \/><\/figure><\/div><div class=\"swiper-slide\" role=\"group\" aria-roledescription=\"slide\" aria-label=\"2 de 7\"><figure class=\"swiper-slide-inner\"><img decoding=\"async\" class=\"swiper-slide-image\" src=\"https:\/\/tafonicavehotel.com\/wp-content\/uploads\/2023\/07\/IMG_6167-116-605x465.jpg\" alt=\"IMG_6167-116\" \/><\/figure><\/div><div class=\"swiper-slide\" role=\"group\" aria-roledescription=\"slide\" aria-label=\"3 de 7\"><figure class=\"swiper-slide-inner\"><img decoding=\"async\" class=\"swiper-slide-image\" src=\"https:\/\/tafonicavehotel.com\/wp-content\/uploads\/2023\/05\/CAPPADOCIA5-605x465.jpg\" alt=\"CAPPADOCIA5\" \/><\/figure><\/div><div class=\"swiper-slide\" role=\"group\" aria-roledescription=\"slide\" aria-label=\"4 de 7\"><figure class=\"swiper-slide-inner\"><img decoding=\"async\" class=\"swiper-slide-image\" src=\"https:\/\/tafonicavehotel.com\/wp-content\/uploads\/2023\/07\/IMG_6910-605x465.jpg\" alt=\"IMG_6910\" \/><\/figure><\/div><div class=\"swiper-slide\" role=\"group\" aria-roledescription=\"slide\" aria-label=\"5 de 7\"><figure class=\"swiper-slide-inner\"><img decoding=\"async\" class=\"swiper-slide-image\" src=\"https:\/\/tafonicavehotel.com\/wp-content\/uploads\/2023\/07\/story1-605x465.jpg\" alt=\"story1\" \/><\/figure><\/div><div class=\"swiper-slide\" role=\"group\" aria-roledescription=\"slide\" aria-label=\"6 de 7\"><figure class=\"swiper-slide-inner\"><img decoding=\"async\" class=\"swiper-slide-image\" src=\"https:\/\/tafonicavehotel.com\/wp-content\/uploads\/2023\/05\/CAPPADOCIA2-605x465.jpg\" alt=\"CAPPADOCIA2\" \/><\/figure><\/div><div class=\"swiper-slide\" role=\"group\" aria-roledescription=\"slide\" aria-label=\"7 de 7\"><figure class=\"swiper-slide-inner\"><img decoding=\"async\" class=\"swiper-slide-image\" src=\"https:\/\/tafonicavehotel.com\/wp-content\/uploads\/2023\/07\/IMG_7005-Tafoni-cephe-605x465.jpg\" alt=\"IMG_7005-Tafoni-cephe\" \/><\/figure><\/div>\t\t\t<\/div>\n\t\t\t\t\t\t\t\t\t\t\t\t<div class=\"elementor-swiper-button elementor-swiper-button-prev\" role=\"button\" tabindex=\"0\">\n\t\t\t\t\t\t<svg aria-hidden=\"true\" class=\"e-font-icon-svg e-eicon-chevron-left\" viewBox=\"0 0 1000 1000\" xmlns=\"http:\/\/www.w3.org\/2000\/svg\"><path d=\"M646 125C629 125 613 133 604 142L308 442C296 454 292 471 292 487 292 504 296 521 308 533L604 854C617 867 629 875 646 875 663 875 679 871 692 858 704 846 713 829 713 812 713 796 708 779 692 767L438 487 692 225C700 217 708 204 708 187 708 171 704 154 692 142 675 129 663 125 646 125Z\"><\/path><\/svg>\t\t\t\t\t<\/div>\n\t\t\t\t\t<div class=\"elementor-swiper-button elementor-swiper-button-next\" role=\"button\" tabindex=\"0\">\n\t\t\t\t\t\t<svg aria-hidden=\"true\" class=\"e-font-icon-svg e-eicon-chevron-right\" viewBox=\"0 0 1000 1000\" xmlns=\"http:\/\/www.w3.org\/2000\/svg\"><path d=\"M696 533C708 521 713 504 713 487 713 471 708 454 696 446L400 146C388 133 375 125 354 125 338 125 325 129 313 142 300 154 292 171 292 187 292 204 296 221 308 233L563 492 304 771C292 783 288 800 288 817 288 833 296 850 308 863 321 871 338 875 354 875 371 875 388 867 400 854L696 533Z\"><\/path><\/svg>\t\t\t\t\t<\/div>\n\t\t\t\t\n\t\t\t\t\t\t\t\t\t<\/div>\n\t\t\t\t<\/div>\n\t\t\t\t<\/div>\n\t\t\t\t<div class=\"elementor-element elementor-element-bf4a5b5 elementor-view-default elementor-position-top elementor-widget elementor-widget-themo-header\" data-id=\"bf4a5b5\" data-element_type=\"widget\" data-widget_type=\"themo-header.default\">\n\t\t\t\t<div class=\"elementor-widget-container\">\n\t\t\t\t\t<div class=\"th-header-wrap\">\n        <div class=\"elementor-icon-box-wrapper th-show-icon\">\n                            <div class=\"elementor-icon-box-icon th-icon-size-md\">\n                    <span class=\"elementor-icon \">\n                        <i aria-hidden=\"true\" class=\"th-linea icon th-linea icon-basic-book\"><\/i>                    <\/span>\n                <\/div>\n                                <div class=\"elementor-icon-box-content\">\n                    <h2 class=\"elementor-icon-box-title\">\n                        Tafoni\u2026 Or\u00edgenes del Nombre                    <\/h2>\n                                            <span class=\"th-header-divider\"><\/span>\n                                        <p class=\"elementor-icon-box-description\">La palabra \"Tafoni\" tiene dos significados distintos: \"Tafoni\" es un t\u00e9rmino geol\u00f3gico que se refiere a las caracter\u00edsticas de varios tipos de roca, incluidos pozos diminutos, cavidades del tama\u00f1o de una bola blanda y cuevas m\u00e1s grandes. Estos \u201ctafoni\u201d son creados por la meteorizaci\u00f3n y las erosiones que tienen lugar en la superficie de la estructura rocosa.\n\nPor otro lado, \"Tafoni\" tambi\u00e9n es una palabra turca de importancia para Capadocia. Los residentes locales se refieren a los nidos de p\u00e1jaros que aparecen en la parte superior de las m\u00edsticas chimeneas de hadas como \"Tafoni\".\nComo homenaje a Capadocia, su naturaleza y su maravillosa gente, todas y cada una de nuestras suites llevan nombres de aves de Capadocia.\n\nEn Tafoni Houses esperamos ansiosamente su visita a nuestro \u201cNido\u201d, y lo recibimos con la m\u00e1xima diligencia y eterna hospitalidad.\n<\/p>\n\n                                    <\/div>\n            <\/div>\n\n        <\/div>\n\n\t\t\t\t<\/div>\n\t\t\t\t<\/div>\n\t\t\t\t\t<\/div>\n\t\t<\/div>\n\t\t\t\t\t<\/div>\n\t\t<\/section>\n\t\t\t\t<\/div>\n\t\t","protected":false},"excerpt":{"rendered":"<p>LA HISTORIA La palabra \u201ctafoni\u201d tiene dos significados distintos LA HISTORIA En 2006, se compraron a los propietarios actuales, habitantes de Ortahisar, una serie de antiguas viviendas en cuevas y casas construidas en piedra que fueron habitadas continuamente por las &hellip; <a href=\"https:\/\/tafonicavehotel.com\/es\/la-historia\/\">Read More<\/a><\/p>\n","protected":false},"author":1,"featured_media":0,"parent":0,"menu_order":13,"comment_status":"closed","ping_status":"closed","template":"","meta":{"footnotes":""},"class_list":["post-2208","page","type-page","status-publish","hentry"],"_links":{"self":[{"href":"https:\/\/tafonicavehotel.com\/es\/wp-json\/wp\/v2\/pages\/2208","targetHints":{"allow":["GET"]}}],"collection":[{"href":"https:\/\/tafonicavehotel.com\/es\/wp-json\/wp\/v2\/pages"}],"about":[{"href":"https:\/\/tafonicavehotel.com\/es\/wp-json\/wp\/v2\/types\/page"}],"author":[{"embeddable":true,"href":"https:\/\/tafonicavehotel.com\/es\/wp-json\/wp\/v2\/users\/1"}],"replies":[{"embeddable":true,"href":"https:\/\/tafonicavehotel.com\/es\/wp-json\/wp\/v2\/comments?post=2208"}],"version-history":[{"count":4,"href":"https:\/\/tafonicavehotel.com\/es\/wp-json\/wp\/v2\/pages\/2208\/revisions"}],"predecessor-version":[{"id":3546,"href":"https:\/\/tafonicavehotel.com\/es\/wp-json\/wp\/v2\/pages\/2208\/revisions\/3546"}],"wp:attachment":[{"href":"https:\/\/tafonicavehotel.com\/es\/wp-json\/wp\/v2\/media?parent=2208"}],"curies":[{"name":"wp","href":"https:\/\/api.w.org\/{rel}","templated":true}]}}